{"id":1168,"date":"2022-07-05T12:29:46","date_gmt":"2022-07-05T10:29:46","guid":{"rendered":"https:\/\/webcrafters.pl\/polityka-prywatnosci\/"},"modified":"2023-10-20T14:58:04","modified_gmt":"2023-10-20T12:58:04","slug":"privacy-policy","status":"publish","type":"page","link":"https:\/\/webcrafters.pl\/en\/privacy-policy\/","title":{"rendered":"Privacy policy"},"content":{"rendered":"\n<p>Niniejsza polityka prywatno\u015bci zawiera wymagane przez prawo informacje dotycz\u0105ce przetwarzania danych osobowych przetwarzanych przez Webcrafters Sp\u00f3\u0142ka z ograniczon\u0105 odpowiedzialno\u015bci\u0105 z siedzib\u0105 w Warszawie kod pocztowy: 02-737, przy ul. Nied\u017awiedzia 19\/1 (dalej \u201eSp\u00f3\u0142ka\u201d).<\/p>\n\n\n\n<h2 class=\"wp-block-heading\"><strong>\u00a71.<\/strong><\/h2>\n\n\n\n<ol class=\"wp-block-list\">\n<li><\/li>\n<\/ol>\n\n\n\n<ol class=\"wp-block-list\">\n<li>Wszelkie zwroty bezpo\u015brednie takie jak \u201eTobie\u201d, \u201eTy\u201d, \u201eCi\u201d oraz podobne dotycz\u0105 u\u017cytkownika odwiedzaj\u0105cego stron\u0119 internetow\u0105: www.webcrafters.pl i korzystaj\u0105cego z jej us\u0142ug (adresata niniejszej polityki prywatno\u015bci).<\/li>\n\n\n\n<li>Pozosta\u0142e definicje u\u017cyte w niniejszej Polityce Prywatno\u015bci:<br>a) Sp\u00f3\u0142ka &#8211; us\u0142ugodawca \u015bwiadcz\u0105cy us\u0142ug\u0119 za po\u015brednictwem serwisu, b\u0119d\u0105cy jednocze\u015bnie Administratorem Danych Osobowych;<br>b) RODO &#8211; Rozporz\u0105dzenie Parlamentu Europejskiego i Rady (UE) 2016\/679 z dnia 27 kwietnia 2016 r. w sprawie ochrony os\u00f3b fizycznych w zwi\u0105zku z przetwarzaniem danych osobowych i w sprawie swobodnego przep\u0142ywu takich danych oraz uchylenia dyrektywy 95\/46\/WE (og\u00f3lne rozporz\u0105dzenie o ochronie danych);<br>c) us\u0142uga \u2013 us\u0142ugi \u015bwiadczone przez Sp\u00f3\u0142k\u0119 i dost\u0119pne w serwisie;<br>d) serwis &#8211; strona internetowa: www.webcrafters.pl oraz \u015bwiadczona za jej po\u015brednictwem us\u0142uga;<br>e) dane osobowe \/ dane &#8211; wszelkie uzyskane od Ciebie w ramach us\u0142ugi i serwisu informacje, kt\u00f3re mog\u0105 pozwoli\u0107 Ci\u0119 zidentyfikowa\u0107, szersz\u0105 definicj\u0119 znajdziesz w art. 4 pkt 1 RODO;<br>f) przetwarzanie danych &#8211; operacja lub zestaw operacji jakie wykonuje si\u0119 na danych osobowych \u2013 w szczeg\u00f3lno\u015bci zbieranie, przechowywanie, wykorzystywanie tych danych.<\/li>\n<\/ol>\n\n\n\n<h2 class=\"wp-block-heading\"><strong>\u00a72.<\/strong><\/h2>\n\n\n\n<p>Administratorem Twoich danych jest Sp\u00f3\u0142ka, a wi\u0119c: Webcrafters Sp\u00f3\u0142k\u0105 z ograniczon\u0105 odpowiedzialno\u015bci\u0105 z siedzib\u0105 w Warszawie kod pocztowy: 02-737, ul. Nied\u017awiedzia 19\/1, wpisana do Rejestru Przedsi\u0119biorc\u00f3w KRS pod numerem: 0000696763.<\/p>\n\n\n\n<h2 class=\"wp-block-heading\"><strong>\u00a73.<\/strong><\/h2>\n\n\n\n<p>Sp\u00f3\u0142ka stosuje odpowiednie \u015brodki techniczne i organizacyjne s\u0142u\u017c\u0105ce ochronie przetwarzanych danych osobowych przed ich udost\u0119pnieniem osobom nieupowa\u017cnionym, przypadkow\u0105 lub niezgodn\u0105 z prawem utrat\u0105 lub zniszczeniem, niedozwolonemu ujawnieniu oraz wszelkimi niezgodnymi z prawem formami przetwarzania.<\/p>\n\n\n\n<h2 class=\"wp-block-heading\"><strong>\u00a74.<\/strong><\/h2>\n\n\n\n<p>Sp\u00f3\u0142ka przetwarza dane, kt\u00f3re podajesz w ramach dost\u0119pnych na stronie formularzy lub pozostawiasz w ramach korzystania z Us\u0142ug. S\u0105 to przede wszystkim dane niezb\u0119dne do umo\u017cliwienia Ci korzystania z poszczeg\u00f3lnych us\u0142ug, jak r\u00f3wnie\u017c dane, kt\u00f3re pozostawiasz w ramach poruszania si\u0119 po serwisie, czyli m.in. te kt\u00f3re znajduj\u0105 si\u0119 w tzw. plikach cookies.<\/p>\n\n\n\n<h2 class=\"wp-block-heading\"><strong>\u00a75.<\/strong><\/h2>\n\n\n\n<p>Cel, podstawa prawna oraz okres przechowywania Twoich danych osobowych:<\/p>\n\n\n\n<figure class=\"wp-block-table\"><table><tbody><tr><td><strong>Cel przetwarzania<\/strong><\/td><td><strong>Podstawa prawna<\/strong><\/td><td><strong>Okres przechowywania<\/strong><\/td><\/tr><tr><td>\u015awiadczenie us\u0142ugi na rzecz U\u017cytkownik\u00f3w<\/td><td>art. 6 ust. 1 lit. b RODO (przetwarzanie w celu wykonania umowy)<\/td><td>do momentu przedawnienia roszcze\u0144 zwi\u0105zanych z wykonaniem us\u0142ugi.<\/td><\/tr><tr><td>Prawid\u0142owe funkcjonowanie serwisu, zapewnienie dost\u0119pu do serwisu<\/td><td>art. 6 ust. 1 lit. b RODO (przetwarzanie w celu wykonania umowy)<\/td><td>do momentu przedawnienia roszcze\u0144 zwi\u0105zanych z wykonaniem us\u0142ugi.<\/td><\/tr><tr><td>Pomiary statystyczne<\/td><td>art. 6 ust. 1 lit. b RODO (przetwarzanie w celu wykonania umowy)<\/td><td>do momentu przedawnienia roszcze\u0144 zwi\u0105zanych z wykonaniem us\u0142ugi<\/td><\/tr><tr><td>Marketing w\u0142asny<\/td><td>art. 6 ust. 1 lit. f RODO<\/td><td>do momentu zg\u0142oszenia skutecznego sprzeciwu<\/td><\/tr><tr><td>Wysy\u0142ka newslettera<\/td><td>art. 6 ust. 1 lit. f RODO<\/td><td>do czasu zg\u0142oszenia skutecznego sprzeciwu<\/td><\/tr><\/tbody><\/table><\/figure>\n\n\n\n<h2 class=\"wp-block-heading\">\u00a76.<\/h2>\n\n\n\n<ol class=\"wp-block-list\">\n<li>Podanie danych osobowych jest dobrowolne. Jednocze\u015bnie, niepodanie danych oznaczonych w ramach us\u0142ugi jako niezb\u0119dne jest konieczne do \u015bwiadczenia us\u0142ug na Twoj\u0105 rzecz. W przypadku gdy podasz nieprawdziwe lub nieprawid\u0142owe dane osobowe sp\u00f3\u0142ka nie b\u0119dzie mog\u0142a zrealizowa\u0107 us\u0142ug na Twoj\u0105 rzecz.<\/li>\n\n\n\n<li>W przypadku uzyskania przez Sp\u00f3\u0142k\u0119 wiarygodnej wiadomo\u015bci o korzystaniu z serwisu przez u\u017cytkownika niezgodnie z Regulaminem lub z obowi\u0105zuj\u0105cymi przepisami, Sp\u00f3\u0142ka mo\u017ce przetwarza\u0107 dane osobowe u\u017cytkownika w zakresie niezb\u0119dnym do ustalenia jego odpowiedzialno\u015bci.<\/li>\n<\/ol>\n\n\n\n<h2 class=\"wp-block-heading\"><strong>\u00a77.<\/strong><\/h2>\n\n\n\n<ol class=\"wp-block-list\">\n<li>Sp\u00f3\u0142ka, w okre\u015blonych okoliczno\u015bciach, mo\u017ce przekazywa\u0107 Twoje dane do innych podmiot\u00f3w w tym tak\u017ce do podmiot\u00f3w z pa\u0144stw trzecich (spoza Europejskiego Obszaru Gospodarczego). S\u0105 to zaufane podmioty przetwarzaj\u0105ce, gwarantuj\u0105ce dochowanie zasad bezpiecze\u0144stwa przetwarzania, kt\u00f3rym powierzono dokonanie pewnych czynno\u015bci, tak aby najlepiej jak to mo\u017cliwe zrealizowa\u0107 \u015bwiadczone Ci us\u0142ugi.<\/li>\n\n\n\n<li>Mo\u017cliwe jest tak\u017ce przekazanie Twoich danych osobowych w\u0142adzom pa\u0144stwowym, jednak tylko w\u00f3wczas, gdy na Sp\u00f3\u0142ce b\u0119dzie ci\u0105\u017cy\u0142 w takiej sytuacji prawny obowi\u0105zek wynikaj\u0105cy z art. 6 ust. 1 lit. c RODO.<\/li>\n<\/ol>\n\n\n\n<h2 class=\"wp-block-heading\"><strong>\u00a78.<\/strong><\/h2>\n\n\n\n<ol class=\"wp-block-list\">\n<li>Przys\u0142uguje Ci:<br>a) prawo dost\u0119pu do Twoich danych, w tym do uzyskania kopii danych;<br>b) prawo \u017c\u0105dania sprostowania danych;<br>c) prawo do usuni\u0119cia danych (w przypadkach przewidzianych w RODO);<br>d) prawo ograniczenia przetwarzania Twoich danych osobowych;<br>e) prawo do wycofania zgody \u2013 w zakresie w jakim Twoje dane s\u0105 przetwarzane na podstawie tej zgody. Z zastrze\u017ceniem, \u017ce wycofanie zgody nie ma wp\u0142ywu na zgodno\u015b\u0107 z prawem przetwarzania, kt\u00f3rego dokonano na podstawie zgody przed jej wycofaniem;<br>f) prawo do przenoszenia danych osobowych, tj. do otrzymania od administratora Twoich danych osobowych, w ustrukturyzowanym, powszechnie u\u017cywanym formacie nadaj\u0105cym si\u0119 do odczytu maszynowego.<br>g) prawo wniesienia skargi do organu nadzorczego \u2013 Prezesa Urz\u0119du Ochrony Danych Osobowych;<\/li>\n\n\n\n<li>Aby skorzysta\u0107 ze swoich praw skontaktuj si\u0119 ze Sp\u00f3\u0142k\u0105 za po\u015brednictwem adresu e-mail: kontakt@webcrafters.pl<\/li>\n<\/ol>\n\n\n\n<h2 class=\"wp-block-heading\"><strong>\u00a79.<\/strong><\/h2>\n\n\n\n<p>Podmiotem zamieszczaj\u0105cym informacje w formie plik\u00f3w cookies (tzw. ciasteczek) i innych podobnych technologii w Twoim urz\u0105dzeniu oraz uzyskuj\u0105cym do nich dost\u0119p jest Sp\u00f3\u0142ka oraz podmioty, kt\u00f3rym Sp\u00f3\u0142ka przekazuje Twoje dane, czyli przyk\u0142adowo podmioty \u015bwiadcz\u0105ce na rzecz Sp\u00f3\u0142ki us\u0142ugi techniczne, w tym analityczne oraz marketingowe. Cookies stanowi\u0105 dane informatyczne, w szczeg\u00f3lno\u015bci pliki tekstowe, kt\u00f3re przechowywane s\u0105 w urz\u0105dzeniu ko\u0144cowym U\u017cytkownika serwis\u00f3w i aplikacji WPM. Cookies zazwyczaj zawieraj\u0105 nazw\u0119 domeny serwisu internetowego, z kt\u00f3rego pochodz\u0105, czas przechowywania ich na urz\u0105dzeniu ko\u0144cowym oraz unikalny numer. Pliki cookies nie s\u0142u\u017c\u0105 identyfikacji u\u017cytkownika i na ich podstawie nie jest ustalana to\u017csamo\u015b\u0107 u\u017cytkownika. Strona internetowa mo\u017ce umie\u015bci\u0107 plik cookie w przegl\u0105darce, je\u015bli przegl\u0105darka to umo\u017cliwia. Przegl\u0105darka zezwala stronie internetowej na dost\u0119p jedynie do plik\u00f3w cookies umieszczonych przez t\u0119 stron\u0119, a nie do plik\u00f3w umieszczonych przez inne strony internetowe.<\/p>\n\n\n\n<h2 class=\"wp-block-heading\"><strong>\u00a710<\/strong>.<\/h2>\n\n\n\n<ol class=\"wp-block-list\">\n<li>Ze wzgl\u0119du na okres funkcjonowania cookies i innych podobnych technologii, stosuje si\u0119 dwa zasadnicze rodzaje tych plik\u00f3w:<br>a) sesyjne &#8211; pliki tymczasowe przechowywane w urz\u0105dzeniu ko\u0144cowym u\u017cytkownika do czasu wylogowania, opuszczenia strony internetowej i aplikacji lub wy\u0142\u0105czenia oprogramowania (przegl\u0105darki internetowej);<br>b) sta\u0142e &#8211; przechowywane w urz\u0105dzeniu ko\u0144cowym u\u017cytkownika przez czas okre\u015blony w parametrach plik\u00f3w cookies lub do czasu ich usuni\u0119cia przez u\u017cytkownika.<\/li>\n\n\n\n<li>Ze wzgl\u0119du na cel, jakiemu s\u0142u\u017c\u0105 pliki cookies i inne podobne technologie, stosuje si\u0119 ich nast\u0119puj\u0105ce rodzaje:<br>a) niezb\u0119dne do dzia\u0142ania us\u0142ugi i aplikacji &#8211; umo\u017cliwiaj\u0105ce korzystanie z naszych us\u0142ug, np. uwierzytelniaj\u0105ce pliki cookies wykorzystywane do us\u0142ug wymagaj\u0105cych uwierzytelniania;<br>b) s\u0142u\u017c\u0105ce do zapewnienia bezpiecze\u0144stwa, np. wykorzystywane do wykrywania nadu\u017cy\u0107 w zakresie uwierzytelniania<br>c) wydajno\u015bciowe &#8211; umo\u017cliwiaj\u0105ce zbieranie informacji o sposobie korzystania ze stron internetowych i aplikacji;<br>d) funkcjonalne &#8211; umo\u017cliwiaj\u0105ce &#8220;zapami\u0119tanie&#8221; wybranych przez U\u017cytkownika ustawie\u0144 i personalizacj\u0119 interfejsu, np. w zakresie wybranego j\u0119zyka lub regionu, z kt\u00f3rego pochodzisz;<br>e) reklamowe &#8211; umo\u017cliwiaj\u0105ce dostarczanie tre\u015bci reklamowych bardziej dostosowanych do Twoich zainteresowa\u0144;<br>f) statystyczne &#8211; s\u0142u\u017c\u0105ce do zliczana statystyk dotycz\u0105cych stron internetowych i aplikacji.<\/li>\n<\/ol>\n\n\n\n<h2 class=\"wp-block-heading\"><strong>\u00a71<\/strong>1.<\/h2>\n\n\n\n<p>Pliki cookies i inne podobne technologie s\u0105 stosowane w celach:<br>a) \u015bwiadczenia us\u0142ug;<br>b) dostosowywania zawarto\u015bci serwis\u00f3w i aplikacji do preferencji u\u017cytkownika oraz optymalizacji korzystania ze stron internetowych;<br>c) tworzenia statystyk, kt\u00f3re pomagaj\u0105 zrozumie\u0107, w jaki spos\u00f3b u\u017cytkownicy korzystaj\u0105 ze serwis\u00f3w i aplikacji, co umo\u017cliwia ulepszanie ich struktury i zawarto\u015bci;<br>d) prezentacji reklam, m.in. w spos\u00f3b uwzgl\u0119dniaj\u0105cy zainteresowania u\u017cytkownika czy jego miejsce zamieszkania i z gwarancj\u0105 wy\u0142\u0105czenia mo\u017cliwo\u015bci wielokrotnego prezentowania u\u017cytkownikowi tej samej reklamy.<\/p>\n\n\n\n<h2 class=\"wp-block-heading\"><strong>\u00a712.<\/strong><\/h2>\n\n\n\n<p>W wielu przypadkach oprogramowanie s\u0142u\u017c\u0105ce do przegl\u0105dania stron internetowych (przegl\u0105darka internetowa) domy\u015blnie dopuszcza przechowywanie informacji w formie plik\u00f3w cookies i innych podobnych technologii w urz\u0105dzeniu ko\u0144cowym u\u017cytkownika. Mo\u017cesz w ka\u017cdym czasie dokona\u0107 zmiany tych ustawie\u0144. Niedokonanie zmian oznacza, \u017ce w\/w informacje mog\u0105 by\u0107 zamieszczane i przechowywane w jego urz\u0105dzeniu ko\u0144cowym, a tym samym \u017ce Sp\u00f3\u0142ka b\u0119dzie przechowywa\u0107 informacje w urz\u0105dzeniu ko\u0144cowym u\u017cytkownika i uzyskiwa\u0107 dost\u0119p do tych informacji. Z poziomu przegl\u0105darki internetowej, z kt\u00f3rej korzystasz mo\u017cliwe jest np. samodzielne zarz\u0105dzanie plikami cookies. W najpopularniejszych przegl\u0105darkach istnieje m.in. mo\u017cliwo\u015b\u0107: zaakceptowania obs\u0142ugi cookies, co umo\u017cliwia Ci pe\u0142ne korzystanie z opcji oferowanych przez witryny internetowe; zarz\u0105dzania plikami cookies na poziomie pojedynczych, wybranych przez Ciebie witryn; okre\u015blania ustawie\u0144 dla r\u00f3\u017cnych typ\u00f3w plik\u00f3w cookie, na przyk\u0142ad akceptowania plik\u00f3w sta\u0142ych jako sesyjnych itp.; blokowania lub usuwania cookies. Kompleksowe informacje na ten temat dost\u0119pne s\u0105 w ustawieniach oprogramowania (przegl\u0105darki internetowej). Ograniczenia b\u0105d\u017a wy\u0142\u0105czenia stosowania plik\u00f3w cookies i innych podobnych technologii mog\u0105 wp\u0142yn\u0105\u0107 na niekt\u00f3re funkcjonalno\u015bci dost\u0119pne w serwisie.<\/p>\n\n\n\n<h2 class=\"wp-block-heading\"><strong>\u00a713.<\/strong><\/h2>\n\n\n\n<p>Kontakt ze Sp\u00f3\u0142k\u0105 w sprawie przetwarzania danych osobowych jest mo\u017cliwy przez wys\u0142anie wiadomo\u015bci e-mail na adres: kontakt@webcrafters.pl.<\/p>\n\n\n\n<h2 class=\"wp-block-heading\"><strong>\u00a714.<\/strong><\/h2>\n\n\n\n<p>Niniejsza polityka prywatno\u015bci mo\u017ce podlega\u0107 zmianom, w szczeg\u00f3lno\u015bci w celu dostosowania jej postanowie\u0144 do zmieniaj\u0105cego si\u0119 porz\u0105dku prawnego. Obowi\u0105zuj\u0105ca wersja polityki prywatno\u015bci jest dost\u0119pna pod adresem: https:\/\/webcrafters.pl\/polityka-prywatnosci\/ w formie umo\u017cliwiaj\u0105cej jej skopiowanie, pobranie na dysk twardy oraz wydruk.<\/p>\n","protected":false},"excerpt":{"rendered":"<p>Niniejsza polityka prywatno\u015bci zawiera wymagane przez prawo informacje dotycz\u0105ce przetwarzania danych osobowych przetwarzanych przez Webcrafters Sp\u00f3\u0142ka z ograniczon\u0105 odpowiedzialno\u015bci\u0105 z siedzib\u0105 w Warszawie kod pocztowy: 02-737, przy ul. Nied\u017awiedzia 19\/1 (dalej \u201eSp\u00f3\u0142ka\u201d). \u00a71. \u00a72. Administratorem Twoich danych jest Sp\u00f3\u0142ka, a wi\u0119c: Webcrafters Sp\u00f3\u0142k\u0105 z ograniczon\u0105 odpowiedzialno\u015bci\u0105 z siedzib\u0105 w Warszawie kod pocztowy: 02-737, ul. Nied\u017awiedzia &hellip; <a href=\"https:\/\/webcrafters.pl\/en\/privacy-policy\/\">Continued<\/a><\/p>\n","protected":false},"author":1,"featured_media":0,"parent":0,"menu_order":0,"comment_status":"closed","ping_status":"open","template":"templates\/templates-cookie-policy.blade.php","meta":{"_acf_changed":false,"footnotes":""},"class_list":["post-1168","page","type-page","status-publish","hentry"],"acf":[],"yoast_head":"<!-- This site is optimized with the Yoast SEO plugin v25.7 - https:\/\/yoast.com\/wordpress\/plugins\/seo\/ -->\n<title>Privacy policy - WebCrafters<\/title>\n<meta name=\"robots\" content=\"index, follow, max-snippet:-1, max-image-preview:large, max-video-preview:-1\" \/>\n<link rel=\"canonical\" href=\"https:\/\/webcrafters.pl\/en\/privacy-policy\/\" \/>\n<meta property=\"og:locale\" content=\"en_US\" \/>\n<meta property=\"og:type\" content=\"article\" \/>\n<meta property=\"og:title\" content=\"Privacy policy - WebCrafters\" \/>\n<meta property=\"og:description\" content=\"Niniejsza polityka prywatno\u015bci zawiera wymagane przez prawo informacje dotycz\u0105ce przetwarzania danych osobowych przetwarzanych przez Webcrafters Sp\u00f3\u0142ka z ograniczon\u0105 odpowiedzialno\u015bci\u0105 z siedzib\u0105 w Warszawie kod pocztowy: 02-737, przy ul. Nied\u017awiedzia 19\/1 (dalej \u201eSp\u00f3\u0142ka\u201d). \u00a71. \u00a72. Administratorem Twoich danych jest Sp\u00f3\u0142ka, a wi\u0119c: Webcrafters Sp\u00f3\u0142k\u0105 z ograniczon\u0105 odpowiedzialno\u015bci\u0105 z siedzib\u0105 w Warszawie kod pocztowy: 02-737, ul. Nied\u017awiedzia &hellip; Continued\" \/>\n<meta property=\"og:url\" content=\"https:\/\/webcrafters.pl\/en\/privacy-policy\/\" \/>\n<meta property=\"og:site_name\" content=\"WebCrafters\" \/>\n<meta property=\"article:modified_time\" content=\"2023-10-20T12:58:04+00:00\" \/>\n<meta name=\"twitter:card\" content=\"summary_large_image\" \/>\n<meta name=\"twitter:label1\" content=\"Est. reading time\" \/>\n\t<meta name=\"twitter:data1\" content=\"8 minutes\" \/>\n<script type=\"application\/ld+json\" class=\"yoast-schema-graph\">{\"@context\":\"https:\/\/schema.org\",\"@graph\":[{\"@type\":\"WebPage\",\"@id\":\"https:\/\/webcrafters.pl\/en\/privacy-policy\/\",\"url\":\"https:\/\/webcrafters.pl\/en\/privacy-policy\/\",\"name\":\"Privacy policy - WebCrafters\",\"isPartOf\":{\"@id\":\"https:\/\/webcrafters.pl\/en\/#website\"},\"datePublished\":\"2022-07-05T10:29:46+00:00\",\"dateModified\":\"2023-10-20T12:58:04+00:00\",\"breadcrumb\":{\"@id\":\"https:\/\/webcrafters.pl\/en\/privacy-policy\/#breadcrumb\"},\"inLanguage\":\"en-US\",\"potentialAction\":[{\"@type\":\"ReadAction\",\"target\":[\"https:\/\/webcrafters.pl\/en\/privacy-policy\/\"]}]},{\"@type\":\"BreadcrumbList\",\"@id\":\"https:\/\/webcrafters.pl\/en\/privacy-policy\/#breadcrumb\",\"itemListElement\":[{\"@type\":\"ListItem\",\"position\":1,\"name\":\"Strona g\u0142\u00f3wna\",\"item\":\"https:\/\/webcrafters.pl\/en\/\"},{\"@type\":\"ListItem\",\"position\":2,\"name\":\"Privacy policy\"}]},{\"@type\":\"WebSite\",\"@id\":\"https:\/\/webcrafters.pl\/en\/#website\",\"url\":\"https:\/\/webcrafters.pl\/en\/\",\"name\":\"WebCrafters\",\"description\":\"\",\"potentialAction\":[{\"@type\":\"SearchAction\",\"target\":{\"@type\":\"EntryPoint\",\"urlTemplate\":\"https:\/\/webcrafters.pl\/en\/?s={search_term_string}\"},\"query-input\":{\"@type\":\"PropertyValueSpecification\",\"valueRequired\":true,\"valueName\":\"search_term_string\"}}],\"inLanguage\":\"en-US\"}]}<\/script>\n<!-- \/ Yoast SEO plugin. -->","yoast_head_json":{"title":"Privacy policy - WebCrafters","robots":{"index":"index","follow":"follow","max-snippet":"max-snippet:-1","max-image-preview":"max-image-preview:large","max-video-preview":"max-video-preview:-1"},"canonical":"https:\/\/webcrafters.pl\/en\/privacy-policy\/","og_locale":"en_US","og_type":"article","og_title":"Privacy policy - WebCrafters","og_description":"Niniejsza polityka prywatno\u015bci zawiera wymagane przez prawo informacje dotycz\u0105ce przetwarzania danych osobowych przetwarzanych przez Webcrafters Sp\u00f3\u0142ka z ograniczon\u0105 odpowiedzialno\u015bci\u0105 z siedzib\u0105 w Warszawie kod pocztowy: 02-737, przy ul. Nied\u017awiedzia 19\/1 (dalej \u201eSp\u00f3\u0142ka\u201d). \u00a71. \u00a72. Administratorem Twoich danych jest Sp\u00f3\u0142ka, a wi\u0119c: Webcrafters Sp\u00f3\u0142k\u0105 z ograniczon\u0105 odpowiedzialno\u015bci\u0105 z siedzib\u0105 w Warszawie kod pocztowy: 02-737, ul. Nied\u017awiedzia &hellip; Continued","og_url":"https:\/\/webcrafters.pl\/en\/privacy-policy\/","og_site_name":"WebCrafters","article_modified_time":"2023-10-20T12:58:04+00:00","twitter_card":"summary_large_image","twitter_misc":{"Est. reading time":"8 minutes"},"schema":{"@context":"https:\/\/schema.org","@graph":[{"@type":"WebPage","@id":"https:\/\/webcrafters.pl\/en\/privacy-policy\/","url":"https:\/\/webcrafters.pl\/en\/privacy-policy\/","name":"Privacy policy - WebCrafters","isPartOf":{"@id":"https:\/\/webcrafters.pl\/en\/#website"},"datePublished":"2022-07-05T10:29:46+00:00","dateModified":"2023-10-20T12:58:04+00:00","breadcrumb":{"@id":"https:\/\/webcrafters.pl\/en\/privacy-policy\/#breadcrumb"},"inLanguage":"en-US","potentialAction":[{"@type":"ReadAction","target":["https:\/\/webcrafters.pl\/en\/privacy-policy\/"]}]},{"@type":"BreadcrumbList","@id":"https:\/\/webcrafters.pl\/en\/privacy-policy\/#breadcrumb","itemListElement":[{"@type":"ListItem","position":1,"name":"Strona g\u0142\u00f3wna","item":"https:\/\/webcrafters.pl\/en\/"},{"@type":"ListItem","position":2,"name":"Privacy policy"}]},{"@type":"WebSite","@id":"https:\/\/webcrafters.pl\/en\/#website","url":"https:\/\/webcrafters.pl\/en\/","name":"WebCrafters","description":"","potentialAction":[{"@type":"SearchAction","target":{"@type":"EntryPoint","urlTemplate":"https:\/\/webcrafters.pl\/en\/?s={search_term_string}"},"query-input":{"@type":"PropertyValueSpecification","valueRequired":true,"valueName":"search_term_string"}}],"inLanguage":"en-US"}]}},"_links":{"self":[{"href":"https:\/\/webcrafters.pl\/en\/wp-json\/wp\/v2\/pages\/1168","targetHints":{"allow":["GET"]}}],"collection":[{"href":"https:\/\/webcrafters.pl\/en\/wp-json\/wp\/v2\/pages"}],"about":[{"href":"https:\/\/webcrafters.pl\/en\/wp-json\/wp\/v2\/types\/page"}],"author":[{"embeddable":true,"href":"https:\/\/webcrafters.pl\/en\/wp-json\/wp\/v2\/users\/1"}],"replies":[{"embeddable":true,"href":"https:\/\/webcrafters.pl\/en\/wp-json\/wp\/v2\/comments?post=1168"}],"version-history":[{"count":6,"href":"https:\/\/webcrafters.pl\/en\/wp-json\/wp\/v2\/pages\/1168\/revisions"}],"predecessor-version":[{"id":1454,"href":"https:\/\/webcrafters.pl\/en\/wp-json\/wp\/v2\/pages\/1168\/revisions\/1454"}],"wp:attachment":[{"href":"https:\/\/webcrafters.pl\/en\/wp-json\/wp\/v2\/media?parent=1168"}],"curies":[{"name":"wp","href":"https:\/\/api.w.org\/{rel}","templated":true}]}}